{"id":402,"date":"2018-01-08T23:45:28","date_gmt":"2018-01-08T20:45:28","guid":{"rendered":"http:\/\/testing.refikcicek.com\/?page_id=402"},"modified":"2025-12-19T10:50:05","modified_gmt":"2025-12-19T07:50:05","slug":"hakkimizda","status":"publish","type":"page","link":"https:\/\/www.ottomanyak.com\/haber\/hakkimizda\/","title":{"rendered":"Hakk\u0131m\u0131zda"},"content":{"rendered":"<p>OTTOMANYAK, 2025 y\u0131l\u0131ndan bu yana Battlefield 1 oyuncular\u0131na y\u00fcksek performansl\u0131, d\u00fc\u015f\u00fck pingli ve adil bir oyun ortam\u0131 sunan T\u00fcrkiye\u2019nin \u00f6nde gelen topluluk sunucular\u0131ndand\u0131r. Ekibimiz, oyuncular\u0131m\u0131za sadece sava\u015f de\u011fil, ayn\u0131 zamanda bir dostluk ve ekip ruhu deneyimi sunmak i\u00e7in \u00e7al\u0131\u015f\u0131yor. D\u00fczenli etkinlikler, \u00f6zel modlar, klan sava\u015flar\u0131 ve Discord aktiviteleriyle her g\u00fcn b\u00fcy\u00fcyen bir aile olduk.<\/p>\n","protected":false},"excerpt":{"rendered":"<p>OTTOMANYAK, 2025 y\u0131l\u0131ndan bu yana Battlefield 1 oyuncular\u0131na y\u00fcksek performansl\u0131, d\u00fc\u015f\u00fck pingli ve adil bir oyun ortam\u0131 sunan T\u00fcrkiye\u2019nin \u00f6nde gelen topluluk sunucular\u0131ndand\u0131r. Ekibimiz, oyuncular\u0131m\u0131za sadece sava\u015f de\u011fil, ayn\u0131 zamanda bir dostluk ve ekip ruhu deneyimi sunmak i\u00e7in \u00e7al\u0131\u015f\u0131yor. D\u00fczenli etkinlikler, \u00f6zel modlar, klan sava\u015flar\u0131 ve Discord aktiviteleriyle her g\u00fcn b\u00fcy\u00fcyen bir aile olduk.<\/p>\n","protected":false},"author":1,"featured_media":0,"parent":0,"menu_order":0,"comment_status":"closed","ping_status":"closed","template":"","meta":{"footnotes":""},"class_list":["post-402","page","type-page","status-publish","hentry"],"_links":{"self":[{"href":"https:\/\/www.ottomanyak.com\/haber\/wp-json\/wp\/v2\/pages\/402","targetHints":{"allow":["GET"]}}],"collection":[{"href":"https:\/\/www.ottomanyak.com\/haber\/wp-json\/wp\/v2\/pages"}],"about":[{"href":"https:\/\/www.ottomanyak.com\/haber\/wp-json\/wp\/v2\/types\/page"}],"author":[{"embeddable":true,"href":"https:\/\/www.ottomanyak.com\/haber\/wp-json\/wp\/v2\/users\/1"}],"replies":[{"embeddable":true,"href":"https:\/\/www.ottomanyak.com\/haber\/wp-json\/wp\/v2\/comments?post=402"}],"version-history":[{"count":1,"href":"https:\/\/www.ottomanyak.com\/haber\/wp-json\/wp\/v2\/pages\/402\/revisions"}],"predecessor-version":[{"id":787,"href":"https:\/\/www.ottomanyak.com\/haber\/wp-json\/wp\/v2\/pages\/402\/revisions\/787"}],"wp:attachment":[{"href":"https:\/\/www.ottomanyak.com\/haber\/wp-json\/wp\/v2\/media?parent=402"}],"curies":[{"name":"wp","href":"https:\/\/api.w.org\/{rel}","templated":true}]}}