{"id":78,"date":"2018-01-07T23:22:52","date_gmt":"2018-01-07T20:22:52","guid":{"rendered":"http:\/\/testing.refikcicek.com\/?page_id=78"},"modified":"2018-01-07T23:22:52","modified_gmt":"2018-01-07T20:22:52","slug":"iletisim","status":"publish","type":"page","link":"https:\/\/www.ottomanyak.com\/haber\/iletisim\/","title":{"rendered":"\u0130leti\u015fim"},"content":{"rendered":"<div class=\"iletisimLeft\">\n<h1>AKLINDAK\u0130N\u0130 <strong>B\u0130ZE YAZ<\/strong><\/h1>\n<p>Yan tarafta bulunan form arac\u0131l\u0131\u011f\u0131 ile bizimle ileti\u015fime ge\u00e7ebilir, reklam, soru, g\u00f6r\u00fc\u015f ve \u00f6nerilerinizi ilgili departmana iletebilirsiniz.\n<\/p><\/div>\n<div class=\"iletisimRight\">\n<div class=\"wpcf7 no-js\" id=\"wpcf7-f518-o1\" lang=\"tr-TR\" dir=\"ltr\" data-wpcf7-id=\"518\">\n<div class=\"screen-reader-response\"><p role=\"status\" aria-live=\"polite\" aria-atomic=\"true\"><\/p> <ul><\/ul><\/div>\n<form action=\"\/haber\/wp-json\/wp\/v2\/pages\/78#wpcf7-f518-o1\" method=\"post\" class=\"wpcf7-form init\" aria-label=\"\u0130leti\u015fim Formu\" novalidate=\"novalidate\" data-status=\"init\">\n<fieldset class=\"hidden-fields-container\"><input type=\"hidden\" name=\"_wpcf7\" value=\"518\" \/><input type=\"hidden\" name=\"_wpcf7_version\" value=\"6.1.4\" \/><input type=\"hidden\" name=\"_wpcf7_locale\" value=\"tr_TR\" \/><input type=\"hidden\" name=\"_wpcf7_unit_tag\" value=\"wpcf7-f518-o1\" \/><input type=\"hidden\" name=\"_wpcf7_container_post\" value=\"0\" \/><input type=\"hidden\" name=\"_wpcf7_posted_data_hash\" value=\"\" \/>\n<\/fieldset>\n<ul>\n\t<li>\n\t\t<p><strong>Ad\u0131n\u0131z<\/strong><span class=\"wpcf7-form-control-wrap\" data-name=\"your-name\"><input size=\"40\" maxlength=\"400\" class=\"wpcf7-form-control wpcf7-text wpcf7-validates-as-required\" aria-required=\"true\" aria-invalid=\"false\" value=\"\" type=\"text\" name=\"your-name\" \/><\/span>\n\t\t<\/p>\n\t<\/li>\n\t<li>\n\t\t<p><strong>Soyad\u0131n\u0131z<\/strong><span class=\"wpcf7-form-control-wrap\" data-name=\"your-lastname\"><input size=\"40\" maxlength=\"400\" class=\"wpcf7-form-control wpcf7-text wpcf7-validates-as-required\" aria-required=\"true\" aria-invalid=\"false\" value=\"\" type=\"text\" name=\"your-lastname\" \/><\/span>\n\t\t<\/p>\n\t<\/li>\n\t<li>\n\t\t<p><strong>Mail Adresiniz<\/strong><span class=\"wpcf7-form-control-wrap\" data-name=\"your-email\"><input size=\"40\" maxlength=\"400\" class=\"wpcf7-form-control wpcf7-email wpcf7-validates-as-required wpcf7-text wpcf7-validates-as-email\" aria-required=\"true\" aria-invalid=\"false\" value=\"\" type=\"email\" name=\"your-email\" \/><\/span>\n\t\t<\/p>\n\t<\/li>\n\t<li>\n\t\t<p><strong>\u0130leti\u015fim Konusu<\/strong><span class=\"wpcf7-form-control-wrap\" data-name=\"your-subject\"><select class=\"wpcf7-form-control wpcf7-select\" aria-invalid=\"false\" name=\"your-subject\"><option value=\"\u00d6neri ve \u015eikayet\">\u00d6neri ve \u015eikayet<\/option><option value=\"Reklam\">Reklam<\/option><option value=\"Di\u011fer\">Di\u011fer<\/option><\/select><\/span>\n\t\t<\/p>\n\t<\/li>\n\t<li>\n\t\t<p><span class=\"wpcf7-form-control-wrap\" data-name=\"your-message\"><textarea cols=\"40\" rows=\"10\" maxlength=\"2000\" class=\"wpcf7-form-control wpcf7-textarea\" aria-invalid=\"false\" name=\"your-message\">Mesaj\u0131n\u0131z<\/textarea><\/span>\n\t\t<\/p>\n\t<\/li>\n\t<li>\n\t\t<p><input class=\"wpcf7-form-control wpcf7-submit has-spinner\" type=\"submit\" value=\"Mesaj\u0131 G\u00f6nder\" \/>\n\t\t<\/p>\n\t<\/li>\n<\/ul><div class=\"wpcf7-response-output\" aria-hidden=\"true\"><\/div>\n<\/form>\n<\/div>\n<\/div>\n","protected":false},"excerpt":{"rendered":"<p>AKLINDAK\u0130N\u0130 B\u0130ZE YAZ Yan tarafta bulunan form arac\u0131l\u0131\u011f\u0131 ile bizimle ileti\u015fime ge\u00e7ebilir, reklam, soru, g\u00f6r\u00fc\u015f ve \u00f6nerilerinizi ilgili departmana iletebilirsiniz.<\/p>\n","protected":false},"author":1,"featured_media":0,"parent":0,"menu_order":0,"comment_status":"closed","ping_status":"closed","template":"page-iletisim.php","meta":{"footnotes":""},"class_list":["post-78","page","type-page","status-publish","hentry"],"_links":{"self":[{"href":"https:\/\/www.ottomanyak.com\/haber\/wp-json\/wp\/v2\/pages\/78","targetHints":{"allow":["GET"]}}],"collection":[{"href":"https:\/\/www.ottomanyak.com\/haber\/wp-json\/wp\/v2\/pages"}],"about":[{"href":"https:\/\/www.ottomanyak.com\/haber\/wp-json\/wp\/v2\/types\/page"}],"author":[{"embeddable":true,"href":"https:\/\/www.ottomanyak.com\/haber\/wp-json\/wp\/v2\/users\/1"}],"replies":[{"embeddable":true,"href":"https:\/\/www.ottomanyak.com\/haber\/wp-json\/wp\/v2\/comments?post=78"}],"version-history":[{"count":0,"href":"https:\/\/www.ottomanyak.com\/haber\/wp-json\/wp\/v2\/pages\/78\/revisions"}],"wp:attachment":[{"href":"https:\/\/www.ottomanyak.com\/haber\/wp-json\/wp\/v2\/media?parent=78"}],"curies":[{"name":"wp","href":"https:\/\/api.w.org\/{rel}","templated":true}]}}